{"id":4998,"date":"2018-12-13T15:13:29","date_gmt":"2018-12-13T15:13:29","guid":{"rendered":"https:\/\/www.witton.com\/technologien\/fine-chemical-contract-manufacture\/"},"modified":"2020-07-09T13:36:11","modified_gmt":"2020-07-09T13:36:11","slug":"auftragsfertigung-von-feinchemikalien","status":"publish","type":"page","link":"https:\/\/www.witton.com\/de\/technologien\/auftragsfertigung-von-feinchemikalien\/","title":{"rendered":"Auftragsfertigung von Feinchemikalien"},"content":{"rendered":"\n<div class=\"wp-block-columns has-2-columns is-layout-flex wp-container-core-columns-is-layout-9d6595d7 wp-block-columns-is-layout-flex\">\n<div class=\"wp-block-column is-layout-flow wp-block-column-is-layout-flow\">\n<p> Witton ist in der Lage, eine breite Palette von Feinchemikalien <a href=\"https:\/\/www.witton.com\/de\/unser-werk\/reaktoren\/\">herzustellen<\/a>, zu isolieren und zu <a href=\"https:\/\/www.witton.com\/de\/unser-werk\/reaktoren\/\">trocknen<\/a>, u.&nbsp;a. S\u00e4uren, Aldehyde, Alkohole, Amine, Amide, Ester und Aromate. Zudem kann das Unternehmen einen Service zur <a href=\"https:\/\/www.witton.com\/de\/case-studies\/polymerisation-freier-radikale-und-polymermodifikation\/\">Wiedergewinnung chiraler L\u00f6sungsmittel<\/a> anbieten. Die meisten Klassen organischer Verbindungen k\u00f6nnen synthetisiert werden. Wir sind in der Lage, Feststoffe herzustellen, zu <a href=\"https:\/\/www.witton.com\/de\/unser-werk\/zentrifugen\/\">isolieren<\/a> und zu trocknen und k\u00f6nnen feuchtigkeitsempfindliche Materialien, brennbare L\u00f6sungsmittel, w\u00e4ssrige Systeme und viskose Fl\u00fcssigkeiten handhaben und verwenden sowie Formulierungen und Mischungen vornehmen.<\/p>\n<\/div>\n\n\n\n<div class=\"wp-block-column is-layout-flow wp-block-column-is-layout-flow\">\n<figure class=\"wp-block-image alignwide\"><img loading=\"lazy\" decoding=\"async\" width=\"300\" height=\"139\" src=\"https:\/\/www.witton.com\/wp-content\/uploads\/2018\/12\/Fine-Chemical-Contract-Manufacture-300x139.png\" alt=\"\" class=\"wp-image-783\"\/><\/figure>\n<\/div>\n<\/div>\n\n\n\n<div style=\"height:80px\" aria-hidden=\"true\" class=\"wp-block-spacer\"><\/div>\n\n\n\n<div class=\"wp-block-columns has-3-columns three-buttons is-layout-flex wp-container-core-columns-is-layout-9d6595d7 wp-block-columns-is-layout-flex\">\n<div class=\"wp-block-column is-layout-flow wp-block-column-is-layout-flow\">\n<div class=\"wp-block-button\"><a class=\"wp-block-button__link wp-element-button\" href=\"https:\/\/www.witton.com\/de\/produkte\/\">VIEW OUR PRODUCTS<\/a><\/div>\n<\/div>\n\n\n\n<div class=\"wp-block-column is-layout-flow wp-block-column-is-layout-flow\">\n<div class=\"wp-block-button\"><a class=\"wp-block-button__link wp-element-button\" href=\"https:\/\/www.witton.com\/de\/leistungen\/\">VIEW OUR SERVICES<\/a><\/div>\n<\/div>\n\n\n\n<div class=\"wp-block-column is-layout-flow wp-block-column-is-layout-flow\">\n<div class=\"wp-block-button\"><a class=\"wp-block-button__link wp-element-button\" href=\"https:\/\/www.witton.com\/de\/kontakt\/\">Get in touch<\/a><\/div>\n<\/div>\n<\/div>\n\n<p><\/p>\n","protected":false},"excerpt":{"rendered":"<p>Witton ist in der Lage, eine breite Palette von Feinchemikalien herzustellen, zu isolieren und zu trocknen, u.&nbsp;a. S\u00e4uren, Aldehyde, Alkohole, Amine, Amide, Ester und Aromate. Zudem kann das Unternehmen einen Service zur Wiedergewinnung chiraler L\u00f6sungsmittel anbieten. Die meisten Klassen organischer Verbindungen k\u00f6nnen synthetisiert werden. Wir sind in der Lage, Feststoffe herzustellen, zu isolieren und zu &hellip; <a href=\"https:\/\/www.witton.com\/de\/technologien\/auftragsfertigung-von-feinchemikalien\/\">Continued<\/a><\/p>\n","protected":false},"author":2141,"featured_media":0,"parent":4992,"menu_order":0,"comment_status":"closed","ping_status":"closed","template":"","meta":{"_acf_changed":false,"om_disable_all_campaigns":false,"_monsterinsights_skip_tracking":false,"_monsterinsights_sitenote_active":false,"_monsterinsights_sitenote_note":"","_monsterinsights_sitenote_category":0,"_uf_show_specific_survey":0,"_uf_disable_surveys":false,"footnotes":""},"class_list":["post-4998","page","type-page","status-publish","hentry"],"acf":[],"aioseo_notices":[],"_links":{"self":[{"href":"https:\/\/www.witton.com\/de\/wp-json\/wp\/v2\/pages\/4998","targetHints":{"allow":["GET"]}}],"collection":[{"href":"https:\/\/www.witton.com\/de\/wp-json\/wp\/v2\/pages"}],"about":[{"href":"https:\/\/www.witton.com\/de\/wp-json\/wp\/v2\/types\/page"}],"author":[{"embeddable":true,"href":"https:\/\/www.witton.com\/de\/wp-json\/wp\/v2\/users\/2141"}],"replies":[{"embeddable":true,"href":"https:\/\/www.witton.com\/de\/wp-json\/wp\/v2\/comments?post=4998"}],"version-history":[{"count":3,"href":"https:\/\/www.witton.com\/de\/wp-json\/wp\/v2\/pages\/4998\/revisions"}],"predecessor-version":[{"id":5292,"href":"https:\/\/www.witton.com\/de\/wp-json\/wp\/v2\/pages\/4998\/revisions\/5292"}],"up":[{"embeddable":true,"href":"https:\/\/www.witton.com\/de\/wp-json\/wp\/v2\/pages\/4992"}],"wp:attachment":[{"href":"https:\/\/www.witton.com\/de\/wp-json\/wp\/v2\/media?parent=4998"}],"curies":[{"name":"wp","href":"https:\/\/api.w.org\/{rel}","templated":true}]}}