{"id":4989,"date":"2018-12-13T15:12:27","date_gmt":"2018-12-13T15:12:27","guid":{"rendered":"https:\/\/www.witton.com\/polymers\/"},"modified":"2020-07-09T13:32:57","modified_gmt":"2020-07-09T13:32:57","slug":"polymere","status":"publish","type":"page","link":"https:\/\/www.witton.com\/de\/technologien\/polymere\/","title":{"rendered":"Vertrag Polymerherstellung"},"content":{"rendered":"\n<div class=\"wp-block-columns has-2-columns is-layout-flex wp-container-core-columns-is-layout-9d6595d7 wp-block-columns-is-layout-flex\">\n<div class=\"wp-block-column is-layout-flow wp-block-column-is-layout-flow\">\n<p> Die <a href=\"https:\/\/www.witton.com\/de\/case-studies\/polymersynthese-und-modifikation\/\">Entwicklung<\/a> und Optimierung von <a href=\"https:\/\/www.witton.com\/case_studies\/polymer-manufacture-free-radical-solution-polymerisation\/\">Polymerisationsprozessen<\/a> ist ein zentraler Bestandteil der Gesch\u00e4ftst\u00e4tigkeit von Witton.<\/p>\n\n\n\n<p> Wir haben Erfahrung darin, ein Laborpolymerisationsverfahren auf den vollen Ma\u00dfstab zu <a href=\"https:\/\/www.witton.com\/de\/case-studies\/polymersynthese-und-modifikation\/\">skalieren<\/a>. Wir haben auch Erfahrung darin, die Herstellung von Produkten anderer <a href=\"https:\/\/www.witton.com\/de\/case-studies\/ersatz-des-initiators-fur-die-polymerisation-freier-radikale\/\">Lohnhersteller<\/a> oder der Standorte unserer Kunden zu \u00fcbernehmen, manchmal auch <a href=\"https:\/\/www.witton.com\/de\/case-studies\/harzherstellung\/\">kurzfristig<\/a>.<\/p>\n\n\n\n<p> Die meisten <a href=\"https:\/\/www.witton.com\/solvents-monomers-initiators-chain-transfer-agents\/#tabs-2\">Monomere<\/a> k\u00f6nnen mit Redox- oder thermischen <a href=\"https:\/\/www.witton.com\/solvents-monomers-initiators-chain-transfer-agents\/#tabs-3\">Initiatoren<\/a> gehandhabt und umgesetzt werden. Polymerisationsreaktionen k\u00f6nnen in Wasser oder <a href=\"https:\/\/www.witton.com\/solvents-monomers-initiators-chain-transfer-agents\/#tabs-1\">L\u00f6sungsmittel<\/a> durchgef\u00fchrt werden. Das Molekulargewicht kann durch die kombinierte Wahl von <a href=\"https:\/\/www.witton.com\/de\/case-studies\/polymerisation-freier-radikale-fur-die-polymerherstellung\/\">Initiator<\/a> und Reaktionsbedingungen oder durch Verwendung eines geeigneten <a href=\"https:\/\/www.witton.com\/solvents-monomers-initiators-chain-transfer-agents\/#tabs-4\">Ketten\u00fcbertr\u00e4gers<\/a> gesteuert werden.<\/p>\n\n\n\n<p> Unsere <a href=\"https:\/\/www.witton.com\/de\/unser-werk\/reaktoren\/\">Reaktoren<\/a> sind mit Kondensatoren ausgestattet, und das L\u00f6sungsmittel kann bei Bedarf unter Einsatz eines Vakuums aus Polymerl\u00f6sungen <a href=\"https:\/\/www.witton.com\/de\/case-studies\/polymerisation-freier-radikale-fur-die-polymerherstellung\/\">entfernt<\/a> werden.<\/p>\n\n\n\n<p>\nDas Unternehmen hat Erfahrung in\nder Herstellung von Latex f\u00fcr Beschichtungen und\nOberfl\u00e4chenbehandlungen.<\/p>\n<\/div>\n\n\n\n<div class=\"wp-block-column is-layout-flow wp-block-column-is-layout-flow\">\n<figure class=\"wp-block-image alignwide\"><img loading=\"lazy\" decoding=\"async\" width=\"300\" height=\"169\" src=\"https:\/\/www.witton.com\/wp-content\/uploads\/2018\/12\/521367283-300x169.jpg\" alt=\"\" class=\"wp-image-782\"\/><\/figure>\n<\/div>\n<\/div>\n\n\n\n<div style=\"height:80px\" aria-hidden=\"true\" class=\"wp-block-spacer\"><\/div>\n\n\n\n<div class=\"wp-block-columns has-3-columns three-buttons is-layout-flex wp-container-core-columns-is-layout-9d6595d7 wp-block-columns-is-layout-flex\">\n<div class=\"wp-block-column is-layout-flow wp-block-column-is-layout-flow\">\n<div class=\"wp-block-button\"><a class=\"wp-block-button__link wp-element-button\" href=\"https:\/\/www.witton.com\/de\/produkte\/\">VIEW OUR PRODUCTS<\/a><\/div>\n<\/div>\n\n\n\n<div class=\"wp-block-column is-layout-flow wp-block-column-is-layout-flow\">\n<div class=\"wp-block-button\"><a class=\"wp-block-button__link wp-element-button\" href=\"https:\/\/www.witton.com\/de\/leistungen\/\">VIEW OUR SERVICES<\/a><\/div>\n<\/div>\n\n\n\n<div class=\"wp-block-column is-layout-flow wp-block-column-is-layout-flow\">\n<div class=\"wp-block-button\"><a class=\"wp-block-button__link wp-element-button\" href=\"https:\/\/www.witton.com\/de\/kontakt\/\">Get in touch<\/a><\/div>\n<\/div>\n<\/div>\n\n<p><\/p>\n","protected":false},"excerpt":{"rendered":"<p>Die Entwicklung und Optimierung von Polymerisationsprozessen ist ein zentraler Bestandteil der Gesch\u00e4ftst\u00e4tigkeit von Witton. Wir haben Erfahrung darin, ein Laborpolymerisationsverfahren auf den vollen Ma\u00dfstab zu skalieren. Wir haben auch Erfahrung darin, die Herstellung von Produkten anderer Lohnhersteller oder der Standorte unserer Kunden zu \u00fcbernehmen, manchmal auch kurzfristig. Die meisten Monomere k\u00f6nnen mit Redox- oder thermischen &hellip; <a href=\"https:\/\/www.witton.com\/de\/technologien\/polymere\/\">Continued<\/a><\/p>\n","protected":false},"author":2141,"featured_media":0,"parent":4992,"menu_order":0,"comment_status":"closed","ping_status":"closed","template":"","meta":{"_acf_changed":false,"om_disable_all_campaigns":false,"_monsterinsights_skip_tracking":false,"_monsterinsights_sitenote_active":false,"_monsterinsights_sitenote_note":"","_monsterinsights_sitenote_category":0,"_uf_show_specific_survey":0,"_uf_disable_surveys":false,"footnotes":""},"class_list":["post-4989","page","type-page","status-publish","hentry"],"acf":[],"aioseo_notices":[],"_links":{"self":[{"href":"https:\/\/www.witton.com\/de\/wp-json\/wp\/v2\/pages\/4989","targetHints":{"allow":["GET"]}}],"collection":[{"href":"https:\/\/www.witton.com\/de\/wp-json\/wp\/v2\/pages"}],"about":[{"href":"https:\/\/www.witton.com\/de\/wp-json\/wp\/v2\/types\/page"}],"author":[{"embeddable":true,"href":"https:\/\/www.witton.com\/de\/wp-json\/wp\/v2\/users\/2141"}],"replies":[{"embeddable":true,"href":"https:\/\/www.witton.com\/de\/wp-json\/wp\/v2\/comments?post=4989"}],"version-history":[{"count":4,"href":"https:\/\/www.witton.com\/de\/wp-json\/wp\/v2\/pages\/4989\/revisions"}],"predecessor-version":[{"id":5290,"href":"https:\/\/www.witton.com\/de\/wp-json\/wp\/v2\/pages\/4989\/revisions\/5290"}],"up":[{"embeddable":true,"href":"https:\/\/www.witton.com\/de\/wp-json\/wp\/v2\/pages\/4992"}],"wp:attachment":[{"href":"https:\/\/www.witton.com\/de\/wp-json\/wp\/v2\/media?parent=4989"}],"curies":[{"name":"wp","href":"https:\/\/api.w.org\/{rel}","templated":true}]}}