{"id":4890,"date":"2018-12-11T15:48:31","date_gmt":"2018-12-11T15:48:31","guid":{"rendered":"https:\/\/www.witton.com\/unser-werk\/analytical-facilities\/"},"modified":"2020-07-09T13:28:14","modified_gmt":"2020-07-09T13:28:14","slug":"analyseeinrichtungen","status":"publish","type":"page","link":"https:\/\/www.witton.com\/de\/unser-werk\/analyseeinrichtungen\/","title":{"rendered":"Analyseeinrichtungen"},"content":{"rendered":"\n<div class=\"wp-block-columns has-2-columns is-layout-flex wp-container-core-columns-is-layout-9d6595d7 wp-block-columns-is-layout-flex\">\n<div class=\"wp-block-column is-layout-flow wp-block-column-is-layout-flow\">\n<p>\nDas Analyselabor von Witton ist\nso ausgestattet, dass es die Herstellung etablierter Produkte rund um\ndie Uhr sowie die Entwicklung und Skalierung neuer Materialien\nunterst\u00fctzt.<\/p>\n\n\n\n<p>\nUnsere Anlagen umfassen\nEinrichtungen f\u00fcr:<\/p>\n\n\n\n<ul class=\"wp-block-list\"><li>\n\tGaschromatographie zur Analyse\n\tfl\u00fcchtiger Monomere und L\u00f6sungsmittel\n\t<\/li><li>\n\tUmkehrphasen-HPLC\n\t<\/li><li>\n\tGr\u00f6\u00dfenausschlusschromatographie\n\tzur Bestimmung des Molekulargewichts von Polymeren\n\t<\/li><li>\n\tFourier-Transform-Infrarotspektroskopie\n\t<\/li><li>\n\tAutomatische und manuelle\n\tTitrationen\n<\/li><\/ul>\n\n\n\n<p>\nDank unserer Partnerschaften mit\nSpeziallabors haben wir Zugang zu einer Vielzahl zus\u00e4tzlicher\nTechniken, die bei Bedarf eingesetzt werden k\u00f6nnen.<\/p>\n<\/div>\n\n\n\n<div class=\"wp-block-column is-layout-flow wp-block-column-is-layout-flow\">\n<figure class=\"wp-block-image alignwide\"><img loading=\"lazy\" decoding=\"async\" width=\"300\" height=\"199\" src=\"https:\/\/www.witton.com\/wp-content\/uploads\/2018\/12\/laboratory-glassware-300x199.jpg\" alt=\"Analytical Facilities in Chemical Manufacturing\" class=\"wp-image-707\"\/><\/figure>\n<\/div>\n<\/div>\n\n\n\n<div style=\"height:90px\" aria-hidden=\"true\" class=\"wp-block-spacer\"><\/div>\n\n\n\n<div class=\"wp-block-columns has-3-columns three-buttons is-layout-flex wp-container-core-columns-is-layout-9d6595d7 wp-block-columns-is-layout-flex\">\n<div class=\"wp-block-column is-layout-flow wp-block-column-is-layout-flow\">\n<div class=\"wp-block-button\"><a class=\"wp-block-button__link wp-element-button\" href=\"https:\/\/www.witton.com\/de\/produkte\/\">VIEW OUR PRODUCTS<\/a><\/div>\n<\/div>\n\n\n\n<div class=\"wp-block-column is-layout-flow wp-block-column-is-layout-flow\">\n<div class=\"wp-block-button\"><a class=\"wp-block-button__link wp-element-button\" href=\"https:\/\/www.witton.com\/de\/leistungen\/\">VIEW OUR SERVICES<\/a><\/div>\n<\/div>\n\n\n\n<div class=\"wp-block-column is-layout-flow wp-block-column-is-layout-flow\">\n<div class=\"wp-block-button\"><a class=\"wp-block-button__link wp-element-button\" href=\"https:\/\/www.witton.com\/de\/kontakt\/\">Get in touch<\/a><\/div>\n<\/div>\n<\/div>\n\n<p><\/p>\n","protected":false},"excerpt":{"rendered":"<p>Das Analyselabor von Witton ist so ausgestattet, dass es die Herstellung etablierter Produkte rund um die Uhr sowie die Entwicklung und Skalierung neuer Materialien unterst\u00fctzt. Unsere Anlagen umfassen Einrichtungen f\u00fcr: Gaschromatographie zur Analyse fl\u00fcchtiger Monomere und L\u00f6sungsmittel Umkehrphasen-HPLC Gr\u00f6\u00dfenausschlusschromatographie zur Bestimmung des Molekulargewichts von Polymeren Fourier-Transform-Infrarotspektroskopie Automatische und manuelle Titrationen Dank unserer Partnerschaften mit Speziallabors &hellip; <a href=\"https:\/\/www.witton.com\/de\/unser-werk\/analyseeinrichtungen\/\">Continued<\/a><\/p>\n","protected":false},"author":2141,"featured_media":0,"parent":4876,"menu_order":0,"comment_status":"closed","ping_status":"closed","template":"","meta":{"_acf_changed":false,"om_disable_all_campaigns":false,"_monsterinsights_skip_tracking":false,"_monsterinsights_sitenote_active":false,"_monsterinsights_sitenote_note":"","_monsterinsights_sitenote_category":0,"_uf_show_specific_survey":0,"_uf_disable_surveys":false,"footnotes":""},"class_list":["post-4890","page","type-page","status-publish","hentry"],"acf":[],"aioseo_notices":[],"_links":{"self":[{"href":"https:\/\/www.witton.com\/de\/wp-json\/wp\/v2\/pages\/4890","targetHints":{"allow":["GET"]}}],"collection":[{"href":"https:\/\/www.witton.com\/de\/wp-json\/wp\/v2\/pages"}],"about":[{"href":"https:\/\/www.witton.com\/de\/wp-json\/wp\/v2\/types\/page"}],"author":[{"embeddable":true,"href":"https:\/\/www.witton.com\/de\/wp-json\/wp\/v2\/users\/2141"}],"replies":[{"embeddable":true,"href":"https:\/\/www.witton.com\/de\/wp-json\/wp\/v2\/comments?post=4890"}],"version-history":[{"count":2,"href":"https:\/\/www.witton.com\/de\/wp-json\/wp\/v2\/pages\/4890\/revisions"}],"predecessor-version":[{"id":4892,"href":"https:\/\/www.witton.com\/de\/wp-json\/wp\/v2\/pages\/4890\/revisions\/4892"}],"up":[{"embeddable":true,"href":"https:\/\/www.witton.com\/de\/wp-json\/wp\/v2\/pages\/4876"}],"wp:attachment":[{"href":"https:\/\/www.witton.com\/de\/wp-json\/wp\/v2\/media?parent=4890"}],"curies":[{"name":"wp","href":"https:\/\/api.w.org\/{rel}","templated":true}]}}