{"id":4885,"date":"2018-12-11T15:37:15","date_gmt":"2018-12-11T15:37:15","guid":{"rendered":"https:\/\/www.witton.com\/unser-werk\/driers\/"},"modified":"2020-07-09T13:27:01","modified_gmt":"2020-07-09T13:27:01","slug":"trockner","status":"publish","type":"page","link":"https:\/\/www.witton.com\/de\/unser-werk\/trockner\/","title":{"rendered":"Trockner"},"content":{"rendered":"\n<div class=\"wp-block-columns has-2-columns is-layout-flex wp-container-core-columns-is-layout-9d6595d7 wp-block-columns-is-layout-flex\">\n<div class=\"wp-block-column is-layout-flow wp-block-column-is-layout-flow\">\n<p> Witton Chemicals verf\u00fcgt \u00fcber <a href=\"https:\/\/www.witton.com\/de\/case-studies\/polymerisation-freier-radikale-fur-die-polymerherstellung\/\">langj\u00e4hrige Erfahrung<\/a> in der Trocknung vieler verschiedener Pulversorten. Zurzeit verf\u00fcgen wir \u00fcber 3 Trockner f\u00fcr die Hauptproduktion und einen Vakuumofen f\u00fcr zus\u00e4tzliche Arbeiten oder Materialien mit geringem Volumen. Alle haben einen Betriebstemperaturbereich bis 90&nbsp;\u00b0C und ein Vakuum bis 100 mbar.<\/p>\n\n\n\n<p>\nDer gro\u00dfe\nVrieco-Nauta-Kegeltrockner aus rostfreiem Stahl kann mit 1.700&nbsp;l\nChargen bis zu 800&nbsp;kg Trockenpulver trocknen. Es wird an eine\nVakuumpumpe mit der neuesten Membrantechnologie angeschlossen, um\nEmissionen zu reduzieren. Dies erm\u00f6glicht auch das Auffangen von\nL\u00f6sungsmitteln zur m\u00f6glichen Wiederverwendung im Prozess, wodurch\ndie Kosten gesenkt werden.<\/p>\n\n\n\n<p>\nDer kleinere\nVrieco-Nauta-Trockner hat mit 1.000&nbsp;l eine Kapazit\u00e4t von bis zu\n500&nbsp;kg Trockenpulver pro Charge.<\/p>\n\n\n\n<p>\nWitton verf\u00fcgt au\u00dferdem \u00fcber\neinen 1.000-l-Bandtrockner aus rostfreiem Edelstahl mit einer\nKapazit\u00e4t von bis zu 500&nbsp;kg Trockenpulver pro Charge.<\/p>\n\n\n\n<p>\nDas Material kann nach Bedarf aus\nden Trocknern in FIBCs, F\u00e4sser oder Beutel verpackt werden. Alle\nTrockner sind mit Staubabsaugsystemen ausgestattet. Witton hat\nErfahrung in der Trocknung von Produktionsl\u00e4ufen von einigen Kilo\nbis zu mehreren hundert Tonnen pro Jahr.<\/p>\n<\/div>\n\n\n\n<div class=\"wp-block-column is-layout-flow wp-block-column-is-layout-flow\">\n<figure class=\"wp-block-image alignwide\"><img loading=\"lazy\" decoding=\"async\" width=\"300\" height=\"225\" src=\"https:\/\/www.witton.com\/wp-content\/uploads\/2018\/12\/P1010001-300x225.jpg\" alt=\"A Stainless Steel Cone Dryer used in Chemical Manufacturing\" class=\"wp-image-708\"\/><\/figure>\n<\/div>\n<\/div>\n\n\n\n<div style=\"height:90px\" aria-hidden=\"true\" class=\"wp-block-spacer\"><\/div>\n\n\n\n<div class=\"wp-block-columns has-3-columns three-buttons is-layout-flex wp-container-core-columns-is-layout-9d6595d7 wp-block-columns-is-layout-flex\">\n<div class=\"wp-block-column is-layout-flow wp-block-column-is-layout-flow\">\n<div class=\"wp-block-button\"><a class=\"wp-block-button__link wp-element-button\" href=\"https:\/\/www.witton.com\/de\/produkte\/\">VIEW OUR PRODUCTS<\/a><\/div>\n<\/div>\n\n\n\n<div class=\"wp-block-column is-layout-flow wp-block-column-is-layout-flow\">\n<div class=\"wp-block-button\"><a class=\"wp-block-button__link wp-element-button\" href=\"https:\/\/www.witton.com\/de\/leistungen\/\">VIEW OUR SERVICES<\/a><\/div>\n<\/div>\n\n\n\n<div class=\"wp-block-column is-layout-flow wp-block-column-is-layout-flow\">\n<div class=\"wp-block-button\"><a class=\"wp-block-button__link wp-element-button\" href=\"https:\/\/www.witton.com\/de\/kontakt\/\">Get in touch<\/a><\/div>\n<\/div>\n<\/div>\n\n<p><\/p>\n","protected":false},"excerpt":{"rendered":"<p>Witton Chemicals verf\u00fcgt \u00fcber langj\u00e4hrige Erfahrung in der Trocknung vieler verschiedener Pulversorten. Zurzeit verf\u00fcgen wir \u00fcber 3 Trockner f\u00fcr die Hauptproduktion und einen Vakuumofen f\u00fcr zus\u00e4tzliche Arbeiten oder Materialien mit geringem Volumen. Alle haben einen Betriebstemperaturbereich bis 90&nbsp;\u00b0C und ein Vakuum bis 100 mbar. Der gro\u00dfe Vrieco-Nauta-Kegeltrockner aus rostfreiem Stahl kann mit 1.700&nbsp;l Chargen bis &hellip; <a href=\"https:\/\/www.witton.com\/de\/unser-werk\/trockner\/\">Continued<\/a><\/p>\n","protected":false},"author":2141,"featured_media":0,"parent":4876,"menu_order":0,"comment_status":"closed","ping_status":"closed","template":"","meta":{"_acf_changed":false,"om_disable_all_campaigns":false,"_monsterinsights_skip_tracking":false,"_monsterinsights_sitenote_active":false,"_monsterinsights_sitenote_note":"","_monsterinsights_sitenote_category":0,"_uf_show_specific_survey":0,"_uf_disable_surveys":false,"footnotes":""},"class_list":["post-4885","page","type-page","status-publish","hentry"],"acf":[],"aioseo_notices":[],"_links":{"self":[{"href":"https:\/\/www.witton.com\/de\/wp-json\/wp\/v2\/pages\/4885","targetHints":{"allow":["GET"]}}],"collection":[{"href":"https:\/\/www.witton.com\/de\/wp-json\/wp\/v2\/pages"}],"about":[{"href":"https:\/\/www.witton.com\/de\/wp-json\/wp\/v2\/types\/page"}],"author":[{"embeddable":true,"href":"https:\/\/www.witton.com\/de\/wp-json\/wp\/v2\/users\/2141"}],"replies":[{"embeddable":true,"href":"https:\/\/www.witton.com\/de\/wp-json\/wp\/v2\/comments?post=4885"}],"version-history":[{"count":3,"href":"https:\/\/www.witton.com\/de\/wp-json\/wp\/v2\/pages\/4885\/revisions"}],"predecessor-version":[{"id":5285,"href":"https:\/\/www.witton.com\/de\/wp-json\/wp\/v2\/pages\/4885\/revisions\/5285"}],"up":[{"embeddable":true,"href":"https:\/\/www.witton.com\/de\/wp-json\/wp\/v2\/pages\/4876"}],"wp:attachment":[{"href":"https:\/\/www.witton.com\/de\/wp-json\/wp\/v2\/media?parent=4885"}],"curies":[{"name":"wp","href":"https:\/\/api.w.org\/{rel}","templated":true}]}}