{"id":4876,"date":"2018-12-10T10:13:55","date_gmt":"2018-12-10T10:13:55","guid":{"rendered":"https:\/\/www.witton.com\/our-plant\/"},"modified":"2020-07-09T13:02:58","modified_gmt":"2020-07-09T13:02:58","slug":"unser-werk","status":"publish","type":"page","link":"https:\/\/www.witton.com\/de\/unser-werk\/","title":{"rendered":"Unser Werk"},"content":{"rendered":"\n<div class=\"wp-block-columns has-2-columns is-layout-flex wp-container-core-columns-is-layout-9d6595d7 wp-block-columns-is-layout-flex\">\n<div class=\"wp-block-column is-layout-flow wp-block-column-is-layout-flow\">\n<p> Witton ist gut ger\u00fcstet f\u00fcr die Handhabung einer Vielzahl von Chemikalien, darunter brennbare, \u00e4tzende und viskose <a href=\"https:\/\/www.witton.com\/solvents-monomers-initiators-chain-transfer-agents\/\">Materialien<\/a>. Wir verf\u00fcgen \u00fcber Anlagen f\u00fcr Materialien, die zwischen 20&nbsp;\u00b0C und 90&nbsp;\u00b0C schmelzen und sind in der Lage, exotherme Reaktionen, Polymerisationen, Destillationen und Rekristallisationen durchzuf\u00fchren. Wir haben die M\u00f6glichkeit, Feststoffe zu <a href=\"https:\/\/www.witton.com\/de\/unser-werk\/zentrifugen\/\">isolieren<\/a>, zu waschen und zu <a href=\"https:\/\/www.witton.com\/de\/unser-werk\/trockner\/\">trocknen<\/a>.<\/p>\n\n\n\n<p>Die\nReaktoren variieren in der Gr\u00f6\u00dfe von 70 bis zu 18.000&nbsp;Litern.\nSie k\u00f6nnen in einem Umgebungstemperaturbereich bis 150&nbsp;\u00b0C, bei\nDr\u00fccken bis zu 2 bar und einem Vakuum von bis zu 100&nbsp;mbar\nbetrieben werden.<\/p>\n\n\n\n<p>Die\nTrockner haben einen Betriebstemperaturbereich von 10&nbsp;\u00b0C bis\n90&nbsp;\u00b0&nbsp;C mit einer Vakuumf\u00e4higkeit von bis zu 100 mbar.<\/p>\n\n\n\n<p><a href=\"https:\/\/www.witton.com\/solvents-monomers-initiators-chain-transfer-agents\/#tabs-1\">L\u00f6sungsmittel<\/a>\nund andere Materialien k\u00f6nnen als Sch\u00fcttgut gelagert und gehandhabt\nwerden. Unsere Sch\u00fcttguttanks haben eine Gesamtlagerkapazit\u00e4t von\nmehr als 450.000&nbsp;Litern.<\/p>\n\n\n\n<p>Rohstoffe\nk\u00f6nnen in kleinen bis mittleren Mengen in F\u00e4ssern, Beuteln, Tonnen,\nIBCs oder in gro\u00dfen Mengen in loser Sch\u00fcttung in FIBCs gelagert\nwerden.<\/p>\n\n\n\n<p>Fertigprodukte\nk\u00f6nnen in Mengen von wenigen Kilogramm bis hin zu Sch\u00fcttgut\nverpackt werden.<\/p>\n\n\n\n<p>Eine\ngek\u00fchlte Lagerung bis -18&nbsp;\u00b0C und ein beheizte Lagerung bis +\n60&nbsp;\u00b0C sind verf\u00fcgbar.&nbsp;Die Lagerfl\u00e4che betr\u00e4gt mehr als\n1000&nbsp;m\u00b2, und es steht zus\u00e4tzlicher Lagerraum vor Ort zur\nVerf\u00fcgung.<\/p>\n<\/div>\n\n\n\n<div class=\"wp-block-column is-layout-flow wp-block-column-is-layout-flow\">\n<figure class=\"wp-block-image alignwide\"><img loading=\"lazy\" decoding=\"async\" width=\"300\" height=\"200\" src=\"https:\/\/www.witton.com\/wp-content\/uploads\/2018\/12\/DSC02898-300x200.jpg\" alt=\"Witton Chemical Company UK HQ in Mildenhall, Suffolk.\" class=\"wp-image-702\"\/><\/figure>\n<\/div>\n<\/div>\n\n\n\n<div style=\"height:44px\" aria-hidden=\"true\" class=\"wp-block-spacer\"><\/div>\n\n\n\n<h2 class=\"wp-block-heading\"><strong>Edelstahlanlagen<\/strong><\/h2>\n\n\n\n<figure class=\"wp-block-table plant-table\"><table class=\"\"><tbody><tr><th>Reaktoren<\/th><th>Zentrifugen<\/th><\/tr><tr><td>50L<\/td><td>150kg (x2)<\/td><\/tr><tr><td>120L<\/td><td><\/td><\/tr><tr><td>450L<\/td><td><\/td><\/tr><tr><td>2.000L<\/td><th>Vrieco-Nauta-Trockner<\/th><\/tr><tr><td>5.000L (x2)<\/td><td>1.000L<\/td><\/tr><tr><td>7.000L (x2)<\/td><td>1.700L<\/td><\/tr><tr><td>10.000L<\/td><td><\/td><\/tr><tr><td>16.000L (x2)<\/td><th>Bandtrockner<\/th><\/tr><tr><td>18.000L<\/td><td>1.000L<\/td><\/tr><\/tbody><\/table><\/figure>\n","protected":false},"excerpt":{"rendered":"<p>Witton ist gut ger\u00fcstet f\u00fcr die Handhabung einer Vielzahl von Chemikalien, darunter brennbare, \u00e4tzende und viskose Materialien. Wir verf\u00fcgen \u00fcber Anlagen f\u00fcr Materialien, die zwischen 20&nbsp;\u00b0C und 90&nbsp;\u00b0C schmelzen und sind in der Lage, exotherme Reaktionen, Polymerisationen, Destillationen und Rekristallisationen durchzuf\u00fchren. Wir haben die M\u00f6glichkeit, Feststoffe zu isolieren, zu waschen und zu trocknen. Die Reaktoren &hellip; <a href=\"https:\/\/www.witton.com\/de\/unser-werk\/\">Continued<\/a><\/p>\n","protected":false},"author":2141,"featured_media":0,"parent":0,"menu_order":0,"comment_status":"closed","ping_status":"closed","template":"","meta":{"_acf_changed":false,"om_disable_all_campaigns":false,"_monsterinsights_skip_tracking":false,"_monsterinsights_sitenote_active":false,"_monsterinsights_sitenote_note":"","_monsterinsights_sitenote_category":0,"_uf_show_specific_survey":0,"_uf_disable_surveys":false,"footnotes":""},"class_list":["post-4876","page","type-page","status-publish","hentry"],"acf":[],"aioseo_notices":[],"_links":{"self":[{"href":"https:\/\/www.witton.com\/de\/wp-json\/wp\/v2\/pages\/4876","targetHints":{"allow":["GET"]}}],"collection":[{"href":"https:\/\/www.witton.com\/de\/wp-json\/wp\/v2\/pages"}],"about":[{"href":"https:\/\/www.witton.com\/de\/wp-json\/wp\/v2\/types\/page"}],"author":[{"embeddable":true,"href":"https:\/\/www.witton.com\/de\/wp-json\/wp\/v2\/users\/2141"}],"replies":[{"embeddable":true,"href":"https:\/\/www.witton.com\/de\/wp-json\/wp\/v2\/comments?post=4876"}],"version-history":[{"count":3,"href":"https:\/\/www.witton.com\/de\/wp-json\/wp\/v2\/pages\/4876\/revisions"}],"predecessor-version":[{"id":5280,"href":"https:\/\/www.witton.com\/de\/wp-json\/wp\/v2\/pages\/4876\/revisions\/5280"}],"wp:attachment":[{"href":"https:\/\/www.witton.com\/de\/wp-json\/wp\/v2\/media?parent=4876"}],"curies":[{"name":"wp","href":"https:\/\/api.w.org\/{rel}","templated":true}]}}