{"id":4868,"date":"2018-12-11T14:50:01","date_gmt":"2018-12-11T14:50:01","guid":{"rendered":"https:\/\/www.witton.com\/glutaric-acid\/"},"modified":"2020-07-09T13:23:37","modified_gmt":"2020-07-09T13:23:37","slug":"glutarsaure","status":"publish","type":"page","link":"https:\/\/www.witton.com\/de\/produkte\/glutarsaure\/","title":{"rendered":"Glutars\u00e4ure Hersteller"},"content":{"rendered":"\n<div class=\"wp-block-columns has-3-columns glutaric-acid is-layout-flex wp-container-core-columns-is-layout-9d6595d7 wp-block-columns-is-layout-flex\">\n<div class=\"wp-block-column is-layout-flow wp-block-column-is-layout-flow\">\n<p>\nGlutars\u00e4ure (1,3-Propandicarbons\u00e4ure) ist ein wei\u00dfer kristalliner\nFeststoff, der in Wasser sehr gut l\u00f6slich ist. Die Verbindung ist\nein n\u00fctzlicher Baustein f\u00fcr Polymere, ein Zwischenprodukt bei der\nchemischen Synthese, und wird bei der Herstellung von\nantiretroviralen Arzneimitteln verwendet. Zudem wird die Verbindung\nauch in L\u00f6tflussmittel verwendet.<\/p>\n\n\n\n<p>In\nunserem Werk in Gro\u00dfbritannien kann Witton hochreine Glutars\u00e4ure\nherstellen, die frei von Minerals\u00e4urespuren und daher bei Aufl\u00f6sung\nin Alkoholen stabil ist.<\/p>\n\n\n\n<p>Das\nProdukt wird als frei flie\u00dfendes wei\u00dfes Pulver, verpackt in\nKunststofff\u00e4ssern mit antistatischer Auskleidung, geliefert.<\/p>\n<\/div>\n\n\n\n<div class=\"wp-block-column is-layout-flow wp-block-column-is-layout-flow\">\n<figure class=\"wp-block-image\"><img loading=\"lazy\" decoding=\"async\" width=\"220\" height=\"150\" src=\"https:\/\/www.witton.com\/wp-content\/uploads\/2018\/12\/Glutaric_acid.png\" alt=\"\" class=\"wp-image-706\"\/><\/figure>\n\n\n\n<h2 class=\"wp-block-heading\">Eigenschaften von Glutars\u00e4ure<\/h2>\n\n\n\n<figure class=\"wp-block-table\"><table class=\"\"><tbody><tr><td>Schmelzpunkt<\/td><td>95-98\u00baC<\/td><\/tr><tr><td>CAS Nummer<\/td><td>110-94-1<\/td><\/tr><tr><td>EC Nummer<\/td><td>203-817-2<\/td><\/tr><\/tbody><\/table><\/figure>\n<\/div>\n\n\n\n<div class=\"wp-block-column is-layout-flow wp-block-column-is-layout-flow\">\n<p>Alternative Namen f\u00fcr Glutars\u00e4ure sind u.&nbsp;a.:<\/p>\n\n\n\n<ul class=\"wp-block-list\"><li> 1,3-Propandicarbons\u00e4ure <\/li><li> 1,5-Pentandis\u00e4ure <\/li><li> n-Pyrotartars\u00e4ure <\/li><li> Pentandis\u00e4ure <\/li><li> Pentandis\u00e4ure <\/li><\/ul>\n\n\n\n<p> Zum Kauf von Glutars\u00e4ure <a href=\"https:\/\/www.witton.com\/de\/kontakt\/\">setzen Sie sich bitte mit uns in Verbindung<\/a>.<\/p>\n<\/div>\n<\/div>\n\n\n\n<p><\/p>\n","protected":false},"excerpt":{"rendered":"<p>Glutars\u00e4ure (1,3-Propandicarbons\u00e4ure) ist ein wei\u00dfer kristalliner Feststoff, der in Wasser sehr gut l\u00f6slich ist. Die Verbindung ist ein n\u00fctzlicher Baustein f\u00fcr Polymere, ein Zwischenprodukt bei der chemischen Synthese, und wird bei der Herstellung von antiretroviralen Arzneimitteln verwendet. Zudem wird die Verbindung auch in L\u00f6tflussmittel verwendet. In unserem Werk in Gro\u00dfbritannien kann Witton hochreine Glutars\u00e4ure herstellen, &hellip; <a href=\"https:\/\/www.witton.com\/de\/produkte\/glutarsaure\/\">Continued<\/a><\/p>\n","protected":false},"author":2141,"featured_media":0,"parent":4873,"menu_order":0,"comment_status":"closed","ping_status":"closed","template":"","meta":{"_acf_changed":false,"om_disable_all_campaigns":false,"_monsterinsights_skip_tracking":false,"_monsterinsights_sitenote_active":false,"_monsterinsights_sitenote_note":"","_monsterinsights_sitenote_category":0,"_uf_show_specific_survey":0,"_uf_disable_surveys":false,"footnotes":""},"class_list":["post-4868","page","type-page","status-publish","hentry"],"acf":[],"aioseo_notices":[],"_links":{"self":[{"href":"https:\/\/www.witton.com\/de\/wp-json\/wp\/v2\/pages\/4868","targetHints":{"allow":["GET"]}}],"collection":[{"href":"https:\/\/www.witton.com\/de\/wp-json\/wp\/v2\/pages"}],"about":[{"href":"https:\/\/www.witton.com\/de\/wp-json\/wp\/v2\/types\/page"}],"author":[{"embeddable":true,"href":"https:\/\/www.witton.com\/de\/wp-json\/wp\/v2\/users\/2141"}],"replies":[{"embeddable":true,"href":"https:\/\/www.witton.com\/de\/wp-json\/wp\/v2\/comments?post=4868"}],"version-history":[{"count":3,"href":"https:\/\/www.witton.com\/de\/wp-json\/wp\/v2\/pages\/4868\/revisions"}],"predecessor-version":[{"id":5282,"href":"https:\/\/www.witton.com\/de\/wp-json\/wp\/v2\/pages\/4868\/revisions\/5282"}],"up":[{"embeddable":true,"href":"https:\/\/www.witton.com\/de\/wp-json\/wp\/v2\/pages\/4873"}],"wp:attachment":[{"href":"https:\/\/www.witton.com\/de\/wp-json\/wp\/v2\/media?parent=4868"}],"curies":[{"name":"wp","href":"https:\/\/api.w.org\/{rel}","templated":true}]}}