{"id":4861,"date":"2018-12-11T16:56:05","date_gmt":"2018-12-11T16:56:05","guid":{"rendered":"https:\/\/www.witton.com\/process-development\/"},"modified":"2020-07-09T13:32:04","modified_gmt":"2020-07-09T13:32:04","slug":"prozessentwicklung","status":"publish","type":"page","link":"https:\/\/www.witton.com\/de\/leistungen\/prozessentwicklung\/","title":{"rendered":"Chemische Prozessentwicklung"},"content":{"rendered":"\n<div class=\"wp-block-columns has-2-columns is-layout-flex wp-container-core-columns-is-layout-9d6595d7 wp-block-columns-is-layout-flex\">\n<div class=\"wp-block-column is-layout-flow wp-block-column-is-layout-flow\">\n<p>Unsere Innovation setzt sich in der Optimierung von Produktprozessen und langfristigen Entwicklung fort. Beispiele f\u00fcr unseren Ansatz finden Sie in diesen <a href=\"https:\/\/www.witton.com\/de\/fallstudien\/\">Fallstudien<\/a>.<\/p>\n\n\n\n<p>Wir\nwissen, dass wir schnell und effektiv arbeiten m\u00fcssen, um\nMarktchancen zu nutzen, und konnten bisher erfolgreich zahlreiche\nAnfragen in kurzer Zeit in Auftr\u00e4ge umwandeln.<\/p>\n\n\n\n<p>Eine anpassungsf\u00e4hige Anlage und eine breite <a href=\"https:\/\/www.witton.com\/de\/unser-werk\/reaktoren\/\">Palette von Beh\u00e4ltern<\/a> erm\u00f6glichen es uns, unseren Service weit \u00fcber die Entwicklung hinaus fortzusetzen und bis zur vollst\u00e4ndigen kommerziellen Produktion zu skalieren. So k\u00f6nnen wir unseren Kunden eine effiziente und effektive Ressource bieten \u2013 unabh\u00e4ngig von der Gr\u00f6\u00dfe oder Komplexit\u00e4t des Auftrags.<\/p>\n\n\n\n<p>Unsere Produktionskampagnen sind kundenspezifisch und k\u00f6nnen von einigen Kilo bis zu Tausenden Tonnen reichen. Unser Forschungs- und Entwicklungsteam verf\u00fcgt \u00fcber umfangreiche Erfahrung im Entwurf und in der Skalierung von Prozessen und wird von unserem <a href=\"https:\/\/www.witton.com\/de\/unser-werk\/analyseeinrichtungen\/\">Analyseteam und unseren Einrichtungen<\/a> unterst\u00fctzt. So k\u00f6nnen wir die Produktion schnell auf einen kommerziellen Ma\u00dfstab hochfahren, um die Zeitpl\u00e4ne unserer Kunden zu erf\u00fcllen.<\/p>\n\n\n\n<p>Unsere technische Abteilung vor Ort kann unsere <a href=\"https:\/\/www.witton.com\/de\/unser-werk\/\">Mehrzweckanlagen<\/a> mit einem Minimum an Ausfallzeiten schnell neu konfigurieren. Diese Flexibilit\u00e4t erm\u00f6glicht es Witton, nahtlos vom Labor \u00fcber die Pilotanlage bis zur Serienproduktion zu gelangen.<\/p>\n<\/div>\n\n\n\n<div class=\"wp-block-column is-layout-flow wp-block-column-is-layout-flow\">\n<figure class=\"wp-block-image alignwide\"><img loading=\"lazy\" decoding=\"async\" width=\"300\" height=\"225\" src=\"https:\/\/www.witton.com\/wp-content\/uploads\/2018\/12\/P1010003-300x225.jpg\" alt=\"A Stainless Steel Cone Dryer used in Chemical Manufacturing\" class=\"wp-image-709\"\/><\/figure>\n<\/div>\n<\/div>\n","protected":false},"excerpt":{"rendered":"<p>Unsere Innovation setzt sich in der Optimierung von Produktprozessen und langfristigen Entwicklung fort. Beispiele f\u00fcr unseren Ansatz finden Sie in diesen Fallstudien. Wir wissen, dass wir schnell und effektiv arbeiten m\u00fcssen, um Marktchancen zu nutzen, und konnten bisher erfolgreich zahlreiche Anfragen in kurzer Zeit in Auftr\u00e4ge umwandeln. Eine anpassungsf\u00e4hige Anlage und eine breite Palette von &hellip; <a href=\"https:\/\/www.witton.com\/de\/leistungen\/prozessentwicklung\/\">Continued<\/a><\/p>\n","protected":false},"author":2141,"featured_media":0,"parent":4865,"menu_order":0,"comment_status":"closed","ping_status":"closed","template":"","meta":{"_acf_changed":false,"om_disable_all_campaigns":false,"_monsterinsights_skip_tracking":false,"_monsterinsights_sitenote_active":false,"_monsterinsights_sitenote_note":"","_monsterinsights_sitenote_category":0,"_uf_show_specific_survey":0,"_uf_disable_surveys":false,"footnotes":""},"class_list":["post-4861","page","type-page","status-publish","hentry"],"acf":[],"aioseo_notices":[],"_links":{"self":[{"href":"https:\/\/www.witton.com\/de\/wp-json\/wp\/v2\/pages\/4861","targetHints":{"allow":["GET"]}}],"collection":[{"href":"https:\/\/www.witton.com\/de\/wp-json\/wp\/v2\/pages"}],"about":[{"href":"https:\/\/www.witton.com\/de\/wp-json\/wp\/v2\/types\/page"}],"author":[{"embeddable":true,"href":"https:\/\/www.witton.com\/de\/wp-json\/wp\/v2\/users\/2141"}],"replies":[{"embeddable":true,"href":"https:\/\/www.witton.com\/de\/wp-json\/wp\/v2\/comments?post=4861"}],"version-history":[{"count":3,"href":"https:\/\/www.witton.com\/de\/wp-json\/wp\/v2\/pages\/4861\/revisions"}],"predecessor-version":[{"id":5289,"href":"https:\/\/www.witton.com\/de\/wp-json\/wp\/v2\/pages\/4861\/revisions\/5289"}],"up":[{"embeddable":true,"href":"https:\/\/www.witton.com\/de\/wp-json\/wp\/v2\/pages\/4865"}],"wp:attachment":[{"href":"https:\/\/www.witton.com\/de\/wp-json\/wp\/v2\/media?parent=4861"}],"curies":[{"name":"wp","href":"https:\/\/api.w.org\/{rel}","templated":true}]}}