{"id":4851,"date":"2018-12-06T13:53:10","date_gmt":"2018-12-06T13:53:10","guid":{"rendered":"https:\/\/www.witton.com\/home\/"},"modified":"2020-07-09T13:40:58","modified_gmt":"2020-07-09T13:40:58","slug":"home","status":"publish","type":"page","link":"https:\/\/www.witton.com\/de\/","title":{"rendered":"STARTSEITE"},"content":{"rendered":"\n<div class=\"wp-block-columns has-3-columns home-column is-layout-flex wp-container-core-columns-is-layout-9d6595d7 wp-block-columns-is-layout-flex\">\n<div class=\"wp-block-column is-layout-flow wp-block-column-is-layout-flow\">\n<figure class=\"wp-block-image\"><a href=\"https:\/\/www.witton.com\/services\/contract-manufacturing\/\"><img loading=\"lazy\" decoding=\"async\" width=\"300\" height=\"225\" src=\"https:\/\/www.witton.com\/wp-content\/uploads\/2018\/12\/P1010012-300x225.jpg\" alt=\"Contract Chemical Manufacturing Facilities in Mildenhall, Suffolk. UK\" class=\"wp-image-710\"\/><\/a><\/figure>\n\n\n\n<h2 class=\"wp-block-heading\"><a href=\"https:\/\/www.witton.com\/services\/contract-manufacturing\/\">Vertragshersteller<\/a><\/h2>\n\n\n\n<p>Mit unserer anpassungsf\u00e4higen Anlage und einer breiten Palette von Beh\u00e4ltern k\u00f6nnen wir kundenspezifische Produktionsl\u00e4ufe von einigen Kilo bis zu Tausenden Tonnen abwickeln.<\/p>\n<\/div>\n\n\n\n<div class=\"wp-block-column is-layout-flow wp-block-column-is-layout-flow\">\n<figure class=\"wp-block-image\"><a href=\"https:\/\/www.witton.com\/services\/process-development\/\"><img loading=\"lazy\" decoding=\"async\" width=\"300\" height=\"225\" src=\"https:\/\/www.witton.com\/wp-content\/uploads\/2018\/12\/P1010003-300x225.jpg\" alt=\"A Stainless Steel Cone Dryer used in Chemical Manufacturing\" class=\"wp-image-709\"\/><\/a><\/figure>\n\n\n\n<h2 class=\"wp-block-heading\"><a href=\"https:\/\/www.witton.com\/services\/process-development\/\">Prozessentwicklung<\/a><\/h2>\n\n\n\n<p>Wir sind ein erfahrenes Chemieunternehmen und begeistern unsere Kunden kontinuierlich mit unserer fortlaufenden Prozessentwicklung zur Kostensenkung. So \u00fcberrascht es nicht, dass viele Firmen ihre Produktion an uns auslagern.<\/p>\n<\/div>\n\n\n\n<div class=\"wp-block-column is-layout-flow wp-block-column-is-layout-flow\">\n<figure class=\"wp-block-image\"><a href=\"https:\/\/www.witton.com\/services\/product-development\/\"><img loading=\"lazy\" decoding=\"async\" width=\"300\" height=\"225\" src=\"https:\/\/www.witton.com\/wp-content\/uploads\/2018\/12\/witton-pd.jpg\" alt=\"Chemical Manufacturing Plant - UK\" class=\"wp-image-800\"\/><\/a><\/figure>\n\n\n\n<h2 class=\"wp-block-heading\"><a href=\"https:\/\/www.witton.com\/services\/product-development\/\">Produktentwicklung<\/a><\/h2>\n\n\n\n<p>Unser Forschungs- und Entwicklungsteam verf\u00fcgt \u00fcber umfangreiche Erfahrung im Entwurf und in der Skalierung von Prozessen und wird von unserem Analyseteam und unseren Einrichtungen unterst\u00fctzt.<\/p>\n<\/div>\n<\/div>\n\n\n<div id=\"steps-block_5c138e5a09dc0\" class=\"rubious-block block-case-studies \">\n\t<div class = \"home-case-studies\">\n\t\t<div class = \"absolute-container-left\"><\/div>\n\t\t<div class = \"absolute-container-right\"><\/div>\n\t\t<div class = \"container\">\n\t\t\t<h4>FALLSTUDIEN<\/h4>\n\t\t\t<hr>\n\t\t\t<div class = \"slider-container\">\n\t\t\t\t<div class = \"slider\">\n\t\t\t\t\t\t\t\t\t\t\t<div class = \"carousel-cell\">\n\t\t\t\t\t\t\t<p class = \"bold\"> <a href = \"https:\/\/www.witton.com\/de\/case-studies\/polymerisation-freier-radikale-fur-die-polymerherstellung\/\">Polymerisation freier Radikale f\u00fcr die Polymerherstellung<\/a><\/p>\n\t\t\t\t\t\t\t\t\t\t\t\t\t\t<p><a href = \"https:\/\/www.witton.com\/de\/case-studies\/polymerisation-freier-radikale-fur-die-polymerherstellung\/\"> The R&amp;D group of an international inkjet supplier developed a new range&hellip; [Weiterlesen]<\/a><\/p>\n\t\t\t\t\t\t<\/div>\n\t\t\t\t\t\t\t\t\t\t\t\t<div class = \"carousel-cell\">\n\t\t\t\t\t\t\t<p class = \"bold\"> <a href = \"https:\/\/www.witton.com\/de\/case-studies\/polymerherstellung-polymerisation-freier-radikale\/\">Polymerherstellung \u2013 Polymerisation freier Radikale<\/a><\/p>\n\t\t\t\t\t\t\t\t\t\t\t\t\t\t<p><a href = \"https:\/\/www.witton.com\/de\/case-studies\/polymerherstellung-polymerisation-freier-radikale\/\"> The R&amp;D group of an international additives supplier developed a new product&hellip; [Weiterlesen]<\/a><\/p>\n\t\t\t\t\t\t<\/div>\n\t\t\t\t\t\t\t\t\t\t\t\t<div class = \"carousel-cell\">\n\t\t\t\t\t\t\t<p class = \"bold\"> <a href = \"https:\/\/www.witton.com\/de\/case-studies\/polymerherstellung-polyurethane\/\">Polymerherstellung \u2013 Polyurethane<\/a><\/p>\n\t\t\t\t\t\t\t\t\t\t\t\t\t\t<p><a href = \"https:\/\/www.witton.com\/de\/case-studies\/polymerherstellung-polyurethane\/\"> An international materials company purchased a polyurethane technology and asked Witton to&hellip; [Weiterlesen]<\/a><\/p>\n\t\t\t\t\t\t<\/div>\n\t\t\t\t\t\t\t\t\t\t\t\t<div class = \"carousel-cell\">\n\t\t\t\t\t\t\t<p class = \"bold\"> <a href = \"https:\/\/www.witton.com\/de\/case-studies\/notfallwiederherstellung\/\">Notfallwiederherstellung<\/a><\/p>\n\t\t\t\t\t\t\t\t\t\t\t\t\t\t<p><a href = \"https:\/\/www.witton.com\/de\/case-studies\/notfallwiederherstellung\/\"> A UK chemical manufacturing company had a fire on one of their&hellip; [Weiterlesen]<\/a><\/p>\n\t\t\t\t\t\t<\/div>\n\t\t\t\t\t\t\t\t\t\t\t\t<div class = \"carousel-cell\">\n\t\t\t\t\t\t\t<p class = \"bold\"> <a href = \"https:\/\/www.witton.com\/de\/case-studies\/ruckgewinnung-eines-chiralen-losungsmittels\/\">R\u00fcckgewinnung eines chiralen L\u00f6sungsmittels<\/a><\/p>\n\t\t\t\t\t\t\t\t\t\t\t\t\t\t<p><a href = \"https:\/\/www.witton.com\/de\/case-studies\/ruckgewinnung-eines-chiralen-losungsmittels\/\"> Ein gro\u00dfes internationales Pharmaunternehmen brachte ein neues Medikament auf den Markt. Das&hellip; [Weiterlesen]<\/a><\/p>\n\t\t\t\t\t\t<\/div>\n\t\t\t\t\t\t\t\t\t\t\t\t<div class = \"carousel-cell\">\n\t\t\t\t\t\t\t<p class = \"bold\"> <a href = \"https:\/\/www.witton.com\/de\/case-studies\/ersatz-des-initiators-fur-die-polymerisation-freier-radikale\/\">Ersatz des Initiators f\u00fcr die Polymerisation freier Radikale<\/a><\/p>\n\t\t\t\t\t\t\t\t\t\t\t\t\t\t<p><a href = \"https:\/\/www.witton.com\/de\/case-studies\/ersatz-des-initiators-fur-die-polymerisation-freier-radikale\/\"> A small niche manufacturer of electronics raw materials purchased new technology detailing&hellip; [Weiterlesen]<\/a><\/p>\n\t\t\t\t\t\t<\/div>\n\t\t\t\t\t\t\t\t\t\t\t\t<div class = \"carousel-cell\">\n\t\t\t\t\t\t\t<p class = \"bold\"> <a href = \"https:\/\/www.witton.com\/de\/case-studies\/harzherstellung\/\">Harzherstellung<\/a><\/p>\n\t\t\t\t\t\t\t\t\t\t\t\t\t\t<p><a href = \"https:\/\/www.witton.com\/de\/case-studies\/harzherstellung\/\"> An international manufacturer of cabling required a new manufacturer for their proprietary&hellip; [Weiterlesen]<\/a><\/p>\n\t\t\t\t\t\t<\/div>\n\t\t\t\t\t\t\t\t\t\t\t\t<div class = \"carousel-cell\">\n\t\t\t\t\t\t\t<p class = \"bold\"> <a href = \"https:\/\/www.witton.com\/de\/case-studies\/polymerisation-freier-radikale-und-polymermodifikation\/\">Polymerisation freier Radikale und Polymermodifikation<\/a><\/p>\n\t\t\t\t\t\t\t\t\t\t\t\t\t\t<p><a href = \"https:\/\/www.witton.com\/de\/case-studies\/polymerisation-freier-radikale-und-polymermodifikation\/\"> An international polymer manufacturer needed extra capacity for one their existing products.&hellip; [Weiterlesen]<\/a><\/p>\n\t\t\t\t\t\t<\/div>\n\t\t\t\t\t\t\t\t\t\t\t\t<div class = \"carousel-cell\">\n\t\t\t\t\t\t\t<p class = \"bold\"> <a href = \"https:\/\/www.witton.com\/de\/case-studies\/polymersynthese-und-modifikation\/\">Polymersynthese und modifikation<\/a><\/p>\n\t\t\t\t\t\t\t\t\t\t\t\t\t\t<p><a href = \"https:\/\/www.witton.com\/de\/case-studies\/polymersynthese-und-modifikation\/\"> A small R&amp;D start-up company developed a portfolio of processes\/products. They required&hellip; [Weiterlesen]<\/a><\/p>\n\t\t\t\t\t\t<\/div>\n\t\t\t\t\t\t\t\t\t\t<\/div>\n\t\t\t<\/div>\n\t\t<\/div>\n\t<\/div>\n<\/div>\n\n\n<div style=\"height:55px\" aria-hidden=\"true\" class=\"wp-block-spacer\"><\/div>\n\n\n\n<div class=\"wp-block-columns has-2-columns about-us is-layout-flex wp-container-core-columns-is-layout-9d6595d7 wp-block-columns-is-layout-flex\">\n<div class=\"wp-block-column is-layout-flow wp-block-column-is-layout-flow\">\n<h2 class=\"wp-block-heading\">\u00dcber uns<\/h2>\n\n\n\n<div class=\"wp-block-button\"><a class=\"wp-block-button__link\" href=\"https:\/\/www.witton.com\/about\/\">Weiterlesen<\/a><\/div>\n\n\n\n<p><\/p>\n<\/div>\n\n\n\n<div class=\"wp-block-column is-layout-flow wp-block-column-is-layout-flow\">\n<p>Witton wurde 1962 gegr\u00fcndet und ist seitdem als unabh\u00e4ngiges, privates Unternehmen t\u00e4tig. 1974 zog das Unternehmen an seinen heutigen Standort in Mildenhall, Suffolk, um.<\/p>\n\n\n\n<p>Es ist auf die Auftragsfertigung von Polymeren und Feinchemikalien spezialisiert und z\u00e4hlt zahlreiche Blue-Chip-Unternehmen zu seinem Kundenstamm.<\/p>\n\n\n\n<p>Witton hat sich einen Ruf f\u00fcr die Bereitstellung eines schnellen, flexiblen und effizienten Services erarbeitet, dank dem Produkte schnell auf den Markt gebracht werden k\u00f6nnen.<\/p>\n<\/div>\n<\/div>\n","protected":false},"excerpt":{"rendered":"<p>Vertragshersteller Mit unserer anpassungsf\u00e4higen Anlage und einer breiten Palette von Beh\u00e4ltern k\u00f6nnen wir kundenspezifische Produktionsl\u00e4ufe von einigen Kilo bis zu Tausenden Tonnen abwickeln. Prozessentwicklung Wir sind ein erfahrenes Chemieunternehmen und begeistern unsere Kunden kontinuierlich mit unserer fortlaufenden Prozessentwicklung zur Kostensenkung. So \u00fcberrascht es nicht, dass viele Firmen ihre Produktion an uns auslagern. Produktentwicklung Unser Forschungs- &hellip; <a href=\"https:\/\/www.witton.com\/de\/\">Continued<\/a><\/p>\n","protected":false},"author":2141,"featured_media":0,"parent":0,"menu_order":0,"comment_status":"closed","ping_status":"open","template":"","meta":{"_acf_changed":false,"om_disable_all_campaigns":false,"_monsterinsights_skip_tracking":false,"_monsterinsights_sitenote_active":false,"_monsterinsights_sitenote_note":"","_monsterinsights_sitenote_category":0,"_uf_show_specific_survey":0,"_uf_disable_surveys":false,"footnotes":""},"class_list":["post-4851","page","type-page","status-publish","hentry"],"acf":[],"aioseo_notices":[],"_links":{"self":[{"href":"https:\/\/www.witton.com\/de\/wp-json\/wp\/v2\/pages\/4851","targetHints":{"allow":["GET"]}}],"collection":[{"href":"https:\/\/www.witton.com\/de\/wp-json\/wp\/v2\/pages"}],"about":[{"href":"https:\/\/www.witton.com\/de\/wp-json\/wp\/v2\/types\/page"}],"author":[{"embeddable":true,"href":"https:\/\/www.witton.com\/de\/wp-json\/wp\/v2\/users\/2141"}],"replies":[{"embeddable":true,"href":"https:\/\/www.witton.com\/de\/wp-json\/wp\/v2\/comments?post=4851"}],"version-history":[{"count":3,"href":"https:\/\/www.witton.com\/de\/wp-json\/wp\/v2\/pages\/4851\/revisions"}],"predecessor-version":[{"id":5279,"href":"https:\/\/www.witton.com\/de\/wp-json\/wp\/v2\/pages\/4851\/revisions\/5279"}],"wp:attachment":[{"href":"https:\/\/www.witton.com\/de\/wp-json\/wp\/v2\/media?parent=4851"}],"curies":[{"name":"wp","href":"https:\/\/api.w.org\/{rel}","templated":true}]}}