{"id":4848,"date":"2018-12-11T09:03:02","date_gmt":"2018-12-11T09:03:02","guid":{"rendered":"https:\/\/www.witton.com\/acriflow\/acriflow-ul-2-acid\/"},"modified":"2020-07-09T13:15:20","modified_gmt":"2020-07-09T13:15:20","slug":"acriflow-ul-2-acid","status":"publish","type":"page","link":"https:\/\/www.witton.com\/de\/produkte\/acriflow-dispergiermittel\/acriflow-ul-2-acid\/","title":{"rendered":"Acriflow UL-2 Acid"},"content":{"rendered":"\n<p>Acriflow UL2 Acid ist der Polyacryls\u00e4ure mit niedriges Molekulargewicht. Es wird als Dispergiermittel, Antiscalant- und Suspendiermittel in einer Vielzahl von industriellen Prozessen und Anwendungen verwendet, u.&nbsp;a.<\/p>\n\n\n\n<ul class=\"wp-block-list\"><li> Bergbau und Mineralhandhabung (Porzellanerde, Metallerze) <\/li><li> anorganische Pigmentdispersionen <\/li><li> Papierherstellung <\/li><li> Textilverarbeitung <\/li><li> Lackherstellung <\/li><li> Kesselwasseraufbereitung <\/li><\/ul>\n\n\n\n<h2 class=\"wp-block-heading\">Eigenschaften<\/h2>\n\n\n\n<figure class=\"wp-block-table acriflow-properties\"><table class=\"\"><tbody><tr><th>Eigenschaft<\/th><th>Typische Werte<\/th><\/tr><tr><th>Aussehen<\/th><td>Hellgelbe, klare Fl\u00fcssigkeit<\/td><\/tr><tr><th>Feststoffgehalt<\/th><td>47,5%<\/td><\/tr><tr><th>pH<\/th><td>3,5<\/td><\/tr><tr><th>Brookfield-Viskosit\u00e4t<\/th><td>90 cps<\/td><\/tr><tr><th>Molekulargewicht<\/th><td>2000 Daltons<\/td><\/tr><\/tbody><\/table><\/figure>\n\n\n\n<h2 class=\"wp-block-heading\"><strong>Verpackung und Etikettierung<\/strong><\/h2>\n\n\n\n<p>Die Standardverpackung besteht aus 210-Liter-Kunststofff\u00e4ssern nach UN-Standard mit 250&nbsp;kg Nettogewicht oder 1000-Liter-IBC-Beh\u00e4ltern mit 1250&nbsp;kg Nettogewicht. Jede Verpackung ist mit Produktname, Chargennummer, Herstellungsdatum, Nettogewicht und relevanten Gesundheits- und Sicherheitsinformationen gekennzeichnet. Kann auch in Sch\u00fcttgut-Tankwagen geliefert werden.<\/p>\n\n\n\n<h2 class=\"wp-block-heading\"><strong>Mindestbestellmenge<\/strong><\/h2>\n\n\n\n<p>Unsere Mindestbestellmenge betr\u00e4gt 4 F\u00e4sser oder 1 IBC. F\u00fcr gr\u00f6\u00dfere Mengen sind erm\u00e4\u00dfigte Preise verf\u00fcgbar.<\/p>\n\n\n\n<p>F\u00fcr Seetransportziele kann der Versand von vollen Containerladungen (80 F\u00e4sser oder 18 IBCs) zu verg\u00fcnstigten Preisen arrangiert werden.<\/p>\n\n\n\n<h2 class=\"wp-block-heading\"><strong>Gefahrenklassifizierung<\/strong><\/h2>\n\n\n\n<p>H315: Verursacht Hautreizungen.<\/p>\n\n\n\n<p>H319: Verursacht schwere Augenreizung.<\/p>\n\n\n\n<p>Nicht als transportgef\u00e4hrdend eingestuft.<\/p>\n\n\n\n<p>CAS-Nr.: 9003-04-7<\/p>\n\n\n\n<p>Zugelassen f\u00fcr die Verwendung in Papierprodukten f\u00fcr Lebensmittel (FDA Ch. 176.17-18\/BGA Ch.36).<\/p>\n\n\n\n<h2 class=\"wp-block-heading\"><strong>Haltbarkeit<\/strong><\/h2>\n\n\n\n<p>Bei Lagerung in der versiegelten und unge\u00f6ffneten Originalverpackung bei 5\u201325&nbsp;\u00b0C und gesch\u00fctzt vor direkter Sonneneinstrahlung betr\u00e4gt die Haltbarkeit mehr als 6 Monate. Wenn die Lagerbedingungen des Kunden nicht mit all diesen Parametern \u00fcbereinstimmen, sollte dieser eigene Tests durchf\u00fchren, um die Haltbarkeit unter seinen spezifischen Lagerbedingungen zu bestimmen.<\/p>\n\n\n\n<h2 class=\"wp-block-heading\"> <strong>Verwandte Materialien<\/strong><\/h2>\n\n\n\n<p> F\u00fcr Informationen zum verwandten Natriumsalz produkt <a href=\"https:\/\/www.witton.com\/de\/produkte\/acriflow-dispergiermittel\/acriflow-ul-2-natriumpolyacrylat\/\">klicken Sie bitte hier<\/a>.  <\/p>\n","protected":false},"excerpt":{"rendered":"<p>Acriflow UL2 Acid ist der Polyacryls\u00e4ure mit niedriges Molekulargewicht. Es wird als Dispergiermittel, Antiscalant- und Suspendiermittel in einer Vielzahl von industriellen Prozessen und Anwendungen verwendet, u.&nbsp;a. Bergbau und Mineralhandhabung (Porzellanerde, Metallerze) anorganische Pigmentdispersionen Papierherstellung Textilverarbeitung Lackherstellung Kesselwasseraufbereitung Eigenschaften Eigenschaft Typische Werte Aussehen Hellgelbe, klare Fl\u00fcssigkeit Feststoffgehalt 47,5% pH 3,5 Brookfield-Viskosit\u00e4t 90 cps Molekulargewicht 2000 Daltons &hellip; <a href=\"https:\/\/www.witton.com\/de\/produkte\/acriflow-dispergiermittel\/acriflow-ul-2-acid\/\">Continued<\/a><\/p>\n","protected":false},"author":2141,"featured_media":0,"parent":4764,"menu_order":0,"comment_status":"closed","ping_status":"closed","template":"","meta":{"_acf_changed":false,"om_disable_all_campaigns":false,"_monsterinsights_skip_tracking":false,"_monsterinsights_sitenote_active":false,"_monsterinsights_sitenote_note":"","_monsterinsights_sitenote_category":0,"_uf_show_specific_survey":0,"_uf_disable_surveys":false,"footnotes":""},"class_list":["post-4848","page","type-page","status-publish","hentry"],"acf":[],"aioseo_notices":[],"_links":{"self":[{"href":"https:\/\/www.witton.com\/de\/wp-json\/wp\/v2\/pages\/4848","targetHints":{"allow":["GET"]}}],"collection":[{"href":"https:\/\/www.witton.com\/de\/wp-json\/wp\/v2\/pages"}],"about":[{"href":"https:\/\/www.witton.com\/de\/wp-json\/wp\/v2\/types\/page"}],"author":[{"embeddable":true,"href":"https:\/\/www.witton.com\/de\/wp-json\/wp\/v2\/users\/2141"}],"replies":[{"embeddable":true,"href":"https:\/\/www.witton.com\/de\/wp-json\/wp\/v2\/comments?post=4848"}],"version-history":[{"count":3,"href":"https:\/\/www.witton.com\/de\/wp-json\/wp\/v2\/pages\/4848\/revisions"}],"predecessor-version":[{"id":5210,"href":"https:\/\/www.witton.com\/de\/wp-json\/wp\/v2\/pages\/4848\/revisions\/5210"}],"up":[{"embeddable":true,"href":"https:\/\/www.witton.com\/de\/wp-json\/wp\/v2\/pages\/4764"}],"wp:attachment":[{"href":"https:\/\/www.witton.com\/de\/wp-json\/wp\/v2\/media?parent=4848"}],"curies":[{"name":"wp","href":"https:\/\/api.w.org\/{rel}","templated":true}]}}